{"id":17,"date":"2024-05-26T12:33:18","date_gmt":"2024-05-26T10:33:18","guid":{"rendered":"https:\/\/empneonew.webgiantdemo.se\/?page_id=17"},"modified":"2024-06-13T15:38:23","modified_gmt":"2024-06-13T13:38:23","slug":"contact-us","status":"publish","type":"page","link":"https:\/\/empneo.gr\/de\/contact-us\/","title":{"rendered":"Kontakt"},"content":{"rendered":"<h1>Wir freuen uns auf Ihre Ideen und W\u00fcnsche!<\/h1>\n<div>\n<p>Egal, ob Sie Hilfe bei der Entwicklung Ihrer Strategie f\u00fcr digitales Marketing suchen oder Unterst\u00fctzung beim Social-Media-Management, der SEO-Optimierung oder der Erstellung effektiver PPC-Werbekampagnen ben\u00f6tigen, unser Expertenteam steht Ihnen gerne zur Seite. F\u00fcllen Sie das untenstehende Formular aus oder kontaktieren Sie uns direkt per Telefon oder E-Mail. Wir sind bestrebt, L\u00f6sungen anzubieten, die auf Ihre individuellen Gesch\u00e4ftsanforderungen zugeschnitten sind, und freuen uns darauf, mit Ihnen zusammenzuarbeiten, um Ihre digitalen Ziele zu erreichen. Lassen Sie uns gemeinsam Ihren erfolgreichen digitalen Auftritt gestalten!<br \/>F\u00fcllen Sie das untenstehende Formular aus, wenn Sie Fragen zu unseren Dienstleistungen oder andere Fragen haben. Wir werden Ihre Nachricht in K\u00fcrze beantworten.<\/p>\n<\/div>\n<div>\n<div class=\"wpcf7 no-js\" id=\"wpcf7-f6-o1\" lang=\"el\" dir=\"ltr\" data-wpcf7-id=\"6\">\n<div class=\"screen-reader-response\"><p role=\"status\" aria-live=\"polite\" aria-atomic=\"true\"><\/p> <ul><\/ul><\/div>\n<form action=\"\/de\/wp-json\/wp\/v2\/pages\/17#wpcf7-f6-o1\" method=\"post\" class=\"wpcf7-form init\" aria-label=\"\u03a6\u03cc\u03c1\u03bc\u03b1 \u03b5\u03c0\u03b9\u03ba\u03bf\u03b9\u03bd\u03c9\u03bd\u03af\u03b1\u03c2\" novalidate=\"novalidate\" data-status=\"init\" data-trp-original-action=\"\/de\/wp-json\/wp\/v2\/pages\/17#wpcf7-f6-o1\">\n<div style=\"display: none;\">\n<input type=\"hidden\" name=\"_wpcf7\" value=\"6\" \/>\n<input type=\"hidden\" name=\"_wpcf7_version\" value=\"6.0\" \/>\n<input type=\"hidden\" name=\"_wpcf7_locale\" value=\"el\" \/>\n<input type=\"hidden\" name=\"_wpcf7_unit_tag\" value=\"wpcf7-f6-o1\" \/>\n<input type=\"hidden\" name=\"_wpcf7_container_post\" value=\"0\" \/>\n<input type=\"hidden\" name=\"_wpcf7_posted_data_hash\" value=\"\" \/>\n<\/div>\n<div class=\"contact-form uk-grid\" uk-grid>\n\t<div class=\"uk-width-1-2@s\">\n\t\t<p><span class=\"wpcf7-form-control-wrap\" data-name=\"your_name\"><input size=\"10\" maxlength=\"400\" class=\"wpcf7-form-control wpcf7-text wpcf7-validates-as-required uk-input text-black\" aria-required=\"true\" aria-invalid=\"false\" placeholder=\"Name\" value=\"\" type=\"text\" name=\"your_name\" \/><\/span>\n\t\t<\/p>\n\t<\/div>\n\t<div class=\"uk-width-1-2@s\">\n\t\t<p><span class=\"wpcf7-form-control-wrap\" data-name=\"your_company\"><input size=\"10\" maxlength=\"400\" class=\"wpcf7-form-control wpcf7-text wpcf7-validates-as-required uk-input text-black\" aria-required=\"true\" aria-invalid=\"false\" placeholder=\"Unternehmen\" value=\"\" type=\"text\" name=\"your_company\" \/><\/span>\n\t\t<\/p>\n\t<\/div>\n\t<div class=\"uk-width-1-2@s\">\n\t\t<p><span class=\"wpcf7-form-control-wrap\" data-name=\"your_email\"><input size=\"10\" maxlength=\"400\" class=\"wpcf7-form-control wpcf7-email wpcf7-validates-as-required wpcf7-text wpcf7-validates-as-email uk-input text-black\" aria-required=\"true\" aria-invalid=\"false\" placeholder=\"Email\" value=\"\" type=\"email\" name=\"your_email\" \/><\/span>\n\t\t<\/p>\n\t<\/div>\n\t<div class=\"uk-width-1-2@s\">\n\t\t<p><span class=\"wpcf7-form-control-wrap\" data-name=\"your_phone\"><input size=\"10\" maxlength=\"400\" class=\"wpcf7-form-control wpcf7-tel wpcf7-text wpcf7-validates-as-tel uk-input text-black\" aria-invalid=\"false\" placeholder=\"Telefonnummer\" value=\"\" type=\"tel\" name=\"your_phone\" \/><\/span>\n\t\t<\/p>\n\t<\/div>\n\t<div class=\"uk-width-1-1\">\n\t\t<h4>W\u00e4hlen Sie eine oder mehrere aus:\n\t\t<\/h4>\n\t\t<p><span class=\"wpcf7-form-control-wrap\" data-name=\"service\"><span class=\"wpcf7-form-control wpcf7-checkbox custom-checkbox\"><span class=\"wpcf7-list-item first\"><label><input type=\"checkbox\" name=\"service[]\" value=\"Social Media Marketing\" \/><span class=\"wpcf7-list-item-label\">Social-Media-Marketing<\/span><\/label><\/span><span class=\"wpcf7-list-item\"><label><input type=\"checkbox\" name=\"service[]\" value=\"Google Ads\" \/><span class=\"wpcf7-list-item-label\">Google-Anzeigen<\/span><\/label><\/span><span class=\"wpcf7-list-item\"><label><input type=\"checkbox\" name=\"service[]\" value=\"\u0399\u03c3\u03c4\u03bf\u03c3\u03b5\u03bb\u03af\u03b4\u03b1\" \/><span class=\"wpcf7-list-item-label\">Website<\/span><\/label><\/span><span class=\"wpcf7-list-item last\"><label><input type=\"checkbox\" name=\"service[]\" value=\"\u0386\u03bb\u03bb\u03b5\u03c2 \u03c5\u03c0\u03b7\u03c1\u03b5\u03c3\u03af\u03b5\u03c2\" \/><span class=\"wpcf7-list-item-label\">Andere Dienstleistungen<\/span><\/label><\/span><\/span><\/span>\n\t\t<\/p>\n\t<\/div>\n\t<div class=\"uk-width-1-1\">\n\t\t<p><span class=\"wpcf7-form-control-wrap\" data-name=\"your_message\"><textarea cols=\"40\" rows=\"5\" maxlength=\"2000\" class=\"wpcf7-form-control wpcf7-textarea uk-textarea\" aria-invalid=\"false\" placeholder=\"Nachricht\" name=\"your_message\"><\/textarea><\/span>\n\t\t<\/p>\n\t<\/div>\n<\/div>\n<div class=\"uk-text-center uk-margin\">\n\t<p><button type=\"submit\" class=\"uk-button uk-button-primary uk-flex-inline uk-flex-center uk-flex-middle wpcf7-form-control wpcf7-submit\" title=\"Mission\">Mission<span class=\"uk-margin-small-left uk-icon\" uk-icon=\"btn-arrow\"><\/span><\/button>\n\t<\/p>\n<\/div><div class=\"wpcf7-response-output\" aria-hidden=\"true\"><\/div>\n<input type=\"hidden\" name=\"trp-form-language\" value=\"de\"\/><\/form>\n<\/div>\n<\/div>\n<p><!--more--><br \/>\n<!-- {\"type\":\"layout\",\"children\":[{\"type\":\"section\",\"props\":{\"css\":\".el-section{\\n\\tbackground: linear-gradient(90deg, #FE4278 0%, #3C3571 100%);\\n}\",\"header_transparent\":true,\"header_transparent_noplaceholder\":false,\"header_transparent_text_color\":\"light\",\"height_viewport\":700,\"image_position\":\"center-center\",\"padding\":\"large\",\"padding_remove_bottom\":false,\"style\":\"primary\",\"title_breakpoint\":\"xl\",\"title_position\":\"top-left\",\"title_rotation\":\"left\",\"vertical_align\":\"\",\"width\":\"\"},\"children\":[{\"type\":\"row\",\"children\":[{\"type\":\"column\",\"props\":{\"css\":\".el-column > .uk-panel{\\n\\tdisplay: flex;\\n    flex-direction: column;\\n}\",\"image_position\":\"center-center\",\"position_sticky_breakpoint\":\"m\",\"vertical_align\":\"middle\"},\"children\":[{\"type\":\"headline\",\"props\":{\"css\":\".el-element{\\n    font-weight: bold;\\n    line-height:1em;\\n}\\n@media screen and (min-width: 768px){\\n    .el-element{\\n        font-size: 80px;\\n    }\\n}\\n@media screen and (min-width: 1080px){\\n\\t.el-element{\\n        font-size: 120px;\\n    }\\n}\",\"text_align\":\"center\",\"title_element\":\"h1\"},\"source\":{\"query\":{\"name\":\"pages.singlePage\"},\"props\":{\"content\":{\"filters\":{\"search\":\"\"},\"name\":\"title\"}}}},{\"type\":\"breadcrumbs\",\"props\":{\"show_current\":true,\"show_home\":true,\"text_align\":\"center\"}}]}],\"props\":{\"height_viewport\":300}}],\"name\":\"HEADING\"},{\"type\":\"section\",\"props\":{\"image_position\":\"center-center\",\"style\":\"default\",\"title_breakpoint\":\"xl\",\"title_position\":\"top-left\",\"title_rotation\":\"left\",\"vertical_align\":\"middle\",\"width\":\"small\"},\"children\":[{\"type\":\"row\",\"children\":[{\"type\":\"column\",\"props\":{\"image_position\":\"center-center\",\"position_sticky_breakpoint\":\"m\"},\"children\":[{\"type\":\"headline\",\"props\":{\"content\":\"\\u0391\\u03bd\\u03c5\\u03c0\\u03bf\\u03bc\\u03bf\\u03bd\\u03bf\\u03cd\\u03bc\\u03b5 \\u03bd\\u03b1 \\u03b1\\u03ba\\u03bf\\u03cd\\u03c3\\u03bf\\u03c5\\u03bc\\u03b5 \\u03c4\\u03b9\\u03c2 \\u03b9\\u03b4\\u03ad\\u03b5\\u03c2 \\u03ba\\u03b1\\u03b9 \\u03c4\\u03b9\\u03c2 \\u03b1\\u03bd\\u03ac\\u03b3\\u03ba\\u03b5\\u03c2 \\u03c3\\u03b1\\u03c2!\",\"text_align\":\"center\",\"title_element\":\"h1\"}},{\"type\":\"text\",\"props\":{\"column_breakpoint\":\"m\",\"content\":\"\n\n<p>\\u0395\\u03af\\u03c4\\u03b5 \\u03b1\\u03bd\\u03b1\\u03b6\\u03b7\\u03c4\\u03ac\\u03c4\\u03b5 \\u03b2\\u03bf\\u03ae\\u03b8\\u03b5\\u03b9\\u03b1 \\u03bc\\u03b5 \\u03c4\\u03b7\\u03bd \\u03b1\\u03bd\\u03ac\\u03c0\\u03c4\\u03c5\\u03be\\u03b7 \\u03c4\\u03b7\\u03c2 Digital Marketing \\u03c3\\u03c4\\u03c1\\u03b1\\u03c4\\u03b7\\u03b3\\u03b9\\u03ba\\u03ae\\u03c2 \\u03c3\\u03b1\\u03c2, \\u03b5\\u03af\\u03c4\\u03b5 \\u03c7\\u03c1\\u03b5\\u03b9\\u03ac\\u03b6\\u03b5\\u03c3\\u03c4\\u03b5 \\u03c5\\u03c0\\u03bf\\u03c3\\u03c4\\u03ae\\u03c1\\u03b9\\u03be\\u03b7 \\u03c3\\u03c4\\u03b7 \\u03b4\\u03b9\\u03b1\\u03c7\\u03b5\\u03af\\u03c1\\u03b9\\u03c3\\u03b7 \\u03c4\\u03c9\\u03bd Social Media, \\u03c4\\u03b7 \\u03b2\\u03b5\\u03bb\\u03c4\\u03b9\\u03c3\\u03c4\\u03bf\\u03c0\\u03bf\\u03af\\u03b7\\u03c3\\u03b7 \\u03c4\\u03b7\\u03c2 \\u03b9\\u03c3\\u03c4\\u03bf\\u03c3\\u03b5\\u03bb\\u03af\\u03b4\\u03b1\\u03c2 \\u03c3\\u03b1\\u03c2 (SEO), \\u03ae \\u03c4\\u03b7 \\u03b4\\u03b7\\u03bc\\u03b9\\u03bf\\u03c5\\u03c1\\u03b3\\u03af\\u03b1 \\u03b1\\u03c0\\u03bf\\u03c4\\u03b5\\u03bb\\u03b5\\u03c3\\u03bc\\u03b1\\u03c4\\u03b9\\u03ba\\u03ce\\u03bd \\u03ba\\u03b1\\u03bc\\u03c0\\u03b1\\u03bd\\u03b9\\u03ce\\u03bd \\u03b4\\u03b9\\u03b1\\u03c6\\u03ae\\u03bc\\u03b9\\u03c3\\u03b7\\u03c2 (PPC), \\u03b7 \\u03b5\\u03be\\u03b5\\u03b9\\u03b4\\u03b9\\u03ba\\u03b5\\u03c5\\u03bc\\u03ad\\u03bd\\u03b7 \\u03bf\\u03bc\\u03ac\\u03b4\\u03b1 \\u03bc\\u03b1\\u03c2 \\u03b5\\u03af\\u03bd\\u03b1\\u03b9 \\u03ad\\u03c4\\u03bf\\u03b9\\u03bc\\u03b7 \\u03bd\\u03b1 \\u03c3\\u03b1\\u03c2 \\u03b2\\u03bf\\u03b7\\u03b8\\u03ae\\u03c3\\u03b5\\u03b9. \\u03a3\\u03c5\\u03bc\\u03c0\\u03bb\\u03b7\\u03c1\\u03ce\\u03c3\\u03c4\\u03b5 \\u03c4\\u03b7\\u03bd \\u03c0\\u03b1\\u03c1\\u03b1\\u03ba\\u03ac\\u03c4\\u03c9 \\u03c6\\u03cc\\u03c1\\u03bc\\u03b1 \\u03ae \\u03b5\\u03c0\\u03b9\\u03ba\\u03bf\\u03b9\\u03bd\\u03c9\\u03bd\\u03ae\\u03c3\\u03c4\\u03b5 \\u03b1\\u03c0\\u03b5\\u03c5\\u03b8\\u03b5\\u03af\\u03b1\\u03c2 \\u03bc\\u03b1\\u03b6\\u03af \\u03bc\\u03b1\\u03c2 \\u03bc\\u03ad\\u03c3\\u03c9 \\u03c4\\u03b7\\u03bb\\u03b5\\u03c6\\u03ce\\u03bd\\u03bf\\u03c5 \\u03ae email. \\u0394\\u03b5\\u03c3\\u03bc\\u03b5\\u03c5\\u03cc\\u03bc\\u03b1\\u03c3\\u03c4\\u03b5 \\u03bd\\u03b1 \\u03c0\\u03b1\\u03c1\\u03ad\\u03c7\\u03bf\\u03c5\\u03bc\\u03b5 \\u03bb\\u03cd\\u03c3\\u03b5\\u03b9\\u03c2 \\u03c0\\u03c1\\u03bf\\u03c3\\u03b1\\u03c1\\u03bc\\u03bf\\u03c3\\u03bc\\u03ad\\u03bd\\u03b5\\u03c2 \\u03c3\\u03c4\\u03b9\\u03c2 \\u03bc\\u03bf\\u03bd\\u03b1\\u03b4\\u03b9\\u03ba\\u03ad\\u03c2 \\u03b1\\u03bd\\u03ac\\u03b3\\u03ba\\u03b5\\u03c2 \\u03c4\\u03b7\\u03c2 \\u03b5\\u03c0\\u03b9\\u03c7\\u03b5\\u03af\\u03c1\\u03b7\\u03c3\\u03ae\\u03c2 \\u03c3\\u03b1\\u03c2 \\u03ba\\u03b1\\u03b9 \\u03c0\\u03c1\\u03bf\\u03c3\\u03b2\\u03bb\\u03ad\\u03c0\\u03bf\\u03c5\\u03bc\\u03b5 \\u03c3\\u03c4\\u03b7 \\u03c3\\u03c5\\u03bd\\u03b5\\u03c1\\u03b3\\u03b1\\u03c3\\u03af\\u03b1 \\u03bc\\u03b1\\u03c2 \\u03b3\\u03b9\\u03b1 \\u03c4\\u03b7\\u03bd \\u03b5\\u03c0\\u03af\\u03c4\\u03b5\\u03c5\\u03be\\u03b7 \\u03c4\\u03c9\\u03bd \\u03c8\\u03b7\\u03c6\\u03b9\\u03b1\\u03ba\\u03ce\\u03bd \\u03c3\\u03b1\\u03c2 \\u03c3\\u03c4\\u03cc\\u03c7\\u03c9\\u03bd. \\u0391\\u03c2 \\u03b4\\u03b7\\u03bc\\u03b9\\u03bf\\u03c5\\u03c1\\u03b3\\u03ae\\u03c3\\u03bf\\u03c5\\u03bc\\u03b5 \\u03bc\\u03b1\\u03b6\\u03af \\u03c4\\u03b7\\u03bd \\u03b5\\u03c0\\u03b9\\u03c4\\u03c5\\u03c7\\u03b7\\u03bc\\u03ad\\u03bd\\u03b7 \\u03c8\\u03b7\\u03c6\\u03b9\\u03b1\\u03ba\\u03ae \\u03c3\\u03b1\\u03c2 \\u03c0\\u03b1\\u03c1\\u03bf\\u03c5\\u03c3\\u03af\\u03b1!<br \\\/>\\u03a3\\u03c5\\u03bc\\u03c0\\u03bb\\u03b7\\u03c1\\u03ce\\u03c3\\u03c4\\u03b5 \\u03c4\\u03b7\\u03bd \\u03c0\\u03b1\\u03c1\\u03b1\\u03ba\\u03ac\\u03c4\\u03c9 \\u03c6\\u03cc\\u03c1\\u03bc\\u03b1 \\u03b3\\u03b9\\u03b1 \\u03b5\\u03c1\\u03c9\\u03c4\\u03ae\\u03c3\\u03b5\\u03b9\\u03c2 \\u03c3\\u03c7\\u03b5\\u03c4\\u03b9\\u03ba\\u03ac \\u03bc\\u03b5 \\u03c4\\u03b9\\u03c2 \\u03c5\\u03c0\\u03b7\\u03c1\\u03b5\\u03c3\\u03af\\u03b5\\u03c2 \\u03bc\\u03b1\\u03c2 \\u03ae \\u03bf\\u03c0\\u03bf\\u03b9\\u03b1\\u03b4\\u03ae\\u03c0\\u03bf\\u03c4\\u03b5 \\u03ac\\u03bb\\u03bb\\u03b7 \\u03b1\\u03c0\\u03bf\\u03c1\\u03af\\u03b1 \\u03ad\\u03c7\\u03b5\\u03c4\\u03b5, \\u03ba\\u03b1\\u03b9 \\u03b8\\u03b1 \\u03b1\\u03c0\\u03b1\\u03bd\\u03c4\\u03ae\\u03c3\\u03bf\\u03c5\\u03bc\\u03b5 \\u03c3\\u03cd\\u03bd\\u03c4\\u03bf\\u03bc\\u03b1 \\u03c3\\u03c4\\u03bf \\u03bc\\u03ae\\u03bd\\u03c5\\u03bc\\u03ac \\u03c3\\u03b1\\u03c2.<\\\/p>\",\"margin\":\"default\"}},{\"type\":\"text\",\"props\":{\"column_breakpoint\":\"m\",\"content\":\"[contact-form-7 id=\\\"07ce211\\\" title=\\\"\\u03a6\\u03cc\\u03c1\\u03bc\\u03b1 \\u03b5\\u03c0\\u03b9\\u03ba\\u03bf\\u03b9\\u03bd\\u03c9\\u03bd\\u03af\\u03b1\\u03c2 1\\\"]\",\"margin\":\"default\"}}]}]}]}],\"version\":\"4.4.4\"} --><\/p>","protected":false},"excerpt":{"rendered":"<p>\u0391\u03bd\u03c5\u03c0\u03bf\u03bc\u03bf\u03bd\u03bf\u03cd\u03bc\u03b5 \u03bd\u03b1 \u03b1\u03ba\u03bf\u03cd\u03c3\u03bf\u03c5\u03bc\u03b5 \u03c4\u03b9\u03c2 \u03b9\u03b4\u03ad\u03b5\u03c2 \u03ba\u03b1\u03b9 \u03c4\u03b9\u03c2 \u03b1\u03bd\u03ac\u03b3\u03ba\u03b5\u03c2 \u03c3\u03b1\u03c2! \u0395\u03af\u03c4\u03b5 \u03b1\u03bd\u03b1\u03b6\u03b7\u03c4\u03ac\u03c4\u03b5 \u03b2\u03bf\u03ae\u03b8\u03b5\u03b9\u03b1 \u03bc\u03b5 \u03c4\u03b7\u03bd \u03b1\u03bd\u03ac\u03c0\u03c4\u03c5\u03be\u03b7 \u03c4\u03b7\u03c2 Digital Marketing \u03c3\u03c4\u03c1\u03b1\u03c4\u03b7\u03b3\u03b9\u03ba\u03ae\u03c2 \u03c3\u03b1\u03c2, \u03b5\u03af\u03c4\u03b5 \u03c7\u03c1\u03b5\u03b9\u03ac\u03b6\u03b5\u03c3\u03c4\u03b5 \u03c5\u03c0\u03bf\u03c3\u03c4\u03ae\u03c1\u03b9\u03be\u03b7 \u03c3\u03c4\u03b7 \u03b4\u03b9\u03b1\u03c7\u03b5\u03af\u03c1\u03b9\u03c3\u03b7 \u03c4\u03c9\u03bd Social Media, \u03c4\u03b7 \u03b2\u03b5\u03bb\u03c4\u03b9\u03c3\u03c4\u03bf\u03c0\u03bf\u03af\u03b7\u03c3\u03b7 \u03c4\u03b7\u03c2 \u03b9\u03c3\u03c4\u03bf\u03c3\u03b5\u03bb\u03af\u03b4\u03b1\u03c2 \u03c3\u03b1\u03c2 (SEO), \u03ae \u03c4\u03b7 \u03b4\u03b7\u03bc\u03b9\u03bf\u03c5\u03c1\u03b3\u03af\u03b1 \u03b1\u03c0\u03bf\u03c4\u03b5\u03bb\u03b5\u03c3\u03bc\u03b1\u03c4\u03b9\u03ba\u03ce\u03bd \u03ba\u03b1\u03bc\u03c0\u03b1\u03bd\u03b9\u03ce\u03bd \u03b4\u03b9\u03b1\u03c6\u03ae\u03bc\u03b9\u03c3\u03b7\u03c2 (PPC), \u03b7 \u03b5\u03be\u03b5\u03b9\u03b4\u03b9\u03ba\u03b5\u03c5\u03bc\u03ad\u03bd\u03b7 \u03bf\u03bc\u03ac\u03b4\u03b1 \u03bc\u03b1\u03c2 \u03b5\u03af\u03bd\u03b1\u03b9 \u03ad\u03c4\u03bf\u03b9\u03bc\u03b7 \u03bd\u03b1 \u03c3\u03b1\u03c2 \u03b2\u03bf\u03b7\u03b8\u03ae\u03c3\u03b5\u03b9. \u03a3\u03c5\u03bc\u03c0\u03bb\u03b7\u03c1\u03ce\u03c3\u03c4\u03b5 \u03c4\u03b7\u03bd \u03c0\u03b1\u03c1\u03b1\u03ba\u03ac\u03c4\u03c9 \u03c6\u03cc\u03c1\u03bc\u03b1 \u03ae [&hellip;]<\/p>","protected":false},"author":1,"featured_media":0,"parent":0,"menu_order":0,"comment_status":"closed","ping_status":"closed","template":"","meta":{"footnotes":""},"class_list":["post-17","page","type-page","status-publish","hentry"],"yoast_head":"<!-- This site is optimized with the Yoast SEO plugin v25.1 - https:\/\/yoast.com\/wordpress\/plugins\/seo\/ -->\n<title>\u0395\u03c0\u03b9\u03ba\u03bf\u03b9\u03bd\u03c9\u03bd\u03af\u03b1 - Empneo \u2013 Digital Marketing &amp; Web Design Experts<\/title>\n<meta name=\"robots\" content=\"index, follow, max-snippet:-1, max-image-preview:large, max-video-preview:-1\" \/>\n<link rel=\"canonical\" href=\"https:\/\/empneo.gr\/de\/contact-us\/\" \/>\n<meta property=\"og:locale\" content=\"de_DE\" \/>\n<meta property=\"og:type\" content=\"article\" \/>\n<meta property=\"og:title\" content=\"\u0395\u03c0\u03b9\u03ba\u03bf\u03b9\u03bd\u03c9\u03bd\u03af\u03b1 - Empneo \u2013 Digital Marketing &amp; Web Design Experts\" \/>\n<meta property=\"og:description\" content=\"\u0391\u03bd\u03c5\u03c0\u03bf\u03bc\u03bf\u03bd\u03bf\u03cd\u03bc\u03b5 \u03bd\u03b1 \u03b1\u03ba\u03bf\u03cd\u03c3\u03bf\u03c5\u03bc\u03b5 \u03c4\u03b9\u03c2 \u03b9\u03b4\u03ad\u03b5\u03c2 \u03ba\u03b1\u03b9 \u03c4\u03b9\u03c2 \u03b1\u03bd\u03ac\u03b3\u03ba\u03b5\u03c2 \u03c3\u03b1\u03c2! \u0395\u03af\u03c4\u03b5 \u03b1\u03bd\u03b1\u03b6\u03b7\u03c4\u03ac\u03c4\u03b5 \u03b2\u03bf\u03ae\u03b8\u03b5\u03b9\u03b1 \u03bc\u03b5 \u03c4\u03b7\u03bd \u03b1\u03bd\u03ac\u03c0\u03c4\u03c5\u03be\u03b7 \u03c4\u03b7\u03c2 Digital Marketing \u03c3\u03c4\u03c1\u03b1\u03c4\u03b7\u03b3\u03b9\u03ba\u03ae\u03c2 \u03c3\u03b1\u03c2, \u03b5\u03af\u03c4\u03b5 \u03c7\u03c1\u03b5\u03b9\u03ac\u03b6\u03b5\u03c3\u03c4\u03b5 \u03c5\u03c0\u03bf\u03c3\u03c4\u03ae\u03c1\u03b9\u03be\u03b7 \u03c3\u03c4\u03b7 \u03b4\u03b9\u03b1\u03c7\u03b5\u03af\u03c1\u03b9\u03c3\u03b7 \u03c4\u03c9\u03bd Social Media, \u03c4\u03b7 \u03b2\u03b5\u03bb\u03c4\u03b9\u03c3\u03c4\u03bf\u03c0\u03bf\u03af\u03b7\u03c3\u03b7 \u03c4\u03b7\u03c2 \u03b9\u03c3\u03c4\u03bf\u03c3\u03b5\u03bb\u03af\u03b4\u03b1\u03c2 \u03c3\u03b1\u03c2 (SEO), \u03ae \u03c4\u03b7 \u03b4\u03b7\u03bc\u03b9\u03bf\u03c5\u03c1\u03b3\u03af\u03b1 \u03b1\u03c0\u03bf\u03c4\u03b5\u03bb\u03b5\u03c3\u03bc\u03b1\u03c4\u03b9\u03ba\u03ce\u03bd \u03ba\u03b1\u03bc\u03c0\u03b1\u03bd\u03b9\u03ce\u03bd \u03b4\u03b9\u03b1\u03c6\u03ae\u03bc\u03b9\u03c3\u03b7\u03c2 (PPC), \u03b7 \u03b5\u03be\u03b5\u03b9\u03b4\u03b9\u03ba\u03b5\u03c5\u03bc\u03ad\u03bd\u03b7 \u03bf\u03bc\u03ac\u03b4\u03b1 \u03bc\u03b1\u03c2 \u03b5\u03af\u03bd\u03b1\u03b9 \u03ad\u03c4\u03bf\u03b9\u03bc\u03b7 \u03bd\u03b1 \u03c3\u03b1\u03c2 \u03b2\u03bf\u03b7\u03b8\u03ae\u03c3\u03b5\u03b9. \u03a3\u03c5\u03bc\u03c0\u03bb\u03b7\u03c1\u03ce\u03c3\u03c4\u03b5 \u03c4\u03b7\u03bd \u03c0\u03b1\u03c1\u03b1\u03ba\u03ac\u03c4\u03c9 \u03c6\u03cc\u03c1\u03bc\u03b1 \u03ae [&hellip;]\" \/>\n<meta property=\"og:url\" content=\"https:\/\/empneo.gr\/de\/contact-us\/\" \/>\n<meta property=\"og:site_name\" content=\"Empneo \u2013 Digital Marketing &amp; Web Design Experts\" \/>\n<meta property=\"article:modified_time\" content=\"2024-06-13T13:38:23+00:00\" \/>\n<meta name=\"twitter:card\" content=\"summary_large_image\" \/>\n<script type=\"application\/ld+json\" class=\"yoast-schema-graph\">{\"@context\":\"https:\/\/schema.org\",\"@graph\":[{\"@type\":\"WebPage\",\"@id\":\"https:\/\/empneo.gr\/contact-us\/\",\"url\":\"https:\/\/empneo.gr\/contact-us\/\",\"name\":\"\u0395\u03c0\u03b9\u03ba\u03bf\u03b9\u03bd\u03c9\u03bd\u03af\u03b1 - Empneo \u2013 Digital Marketing &amp; Web Design Experts\",\"isPartOf\":{\"@id\":\"https:\/\/empneo.gr\/#website\"},\"datePublished\":\"2024-05-26T10:33:18+00:00\",\"dateModified\":\"2024-06-13T13:38:23+00:00\",\"breadcrumb\":{\"@id\":\"https:\/\/empneo.gr\/contact-us\/#breadcrumb\"},\"inLanguage\":\"de\",\"potentialAction\":[{\"@type\":\"ReadAction\",\"target\":[\"https:\/\/empneo.gr\/contact-us\/\"]}]},{\"@type\":\"BreadcrumbList\",\"@id\":\"https:\/\/empneo.gr\/contact-us\/#breadcrumb\",\"itemListElement\":[{\"@type\":\"ListItem\",\"position\":1,\"name\":\"Home\",\"item\":\"https:\/\/empneo.gr\/\"},{\"@type\":\"ListItem\",\"position\":2,\"name\":\"\u0395\u03c0\u03b9\u03ba\u03bf\u03b9\u03bd\u03c9\u03bd\u03af\u03b1\"}]},{\"@type\":\"WebSite\",\"@id\":\"https:\/\/empneo.gr\/#website\",\"url\":\"https:\/\/empneo.gr\/\",\"name\":\"Empneo \u2013 Digital Marketing &amp; Web Design Experts\",\"description\":\"Digital Marketing, \u0399\u03c3\u03c4\u03bf\u03c3\u03b5\u03bb\u03af\u03b4\u03b5\u03c2, SEO, \u03c6\u03c9\u03c4\u03bf\u03b3\u03c1\u03ac\u03c6\u03b9\u03c3\u03b7, video, \u03b3\u03c1\u03b1\u03c6\u03b9\u03c3\u03c4\u03b9\u03ba\u03ac &amp; digital \u03ba\u03ac\u03c1\u03c4\u03b5\u03c2. 24+ \u03c7\u03c1\u03cc\u03bd\u03b9\u03b1 \u03b5\u03bc\u03c0\u03b5\u03b9\u03c1\u03af\u03b1\u03c2 \u03b3\u03b9\u03b1 \u03c4\u03b7\u03bd online \u03b5\u03c0\u03b9\u03c4\u03c5\u03c7\u03af\u03b1 \u03c3\u03b1\u03c2.\",\"potentialAction\":[{\"@type\":\"SearchAction\",\"target\":{\"@type\":\"EntryPoint\",\"urlTemplate\":\"https:\/\/empneo.gr\/?s={search_term_string}\"},\"query-input\":{\"@type\":\"PropertyValueSpecification\",\"valueRequired\":true,\"valueName\":\"search_term_string\"}}],\"inLanguage\":\"de\"}]}<\/script>\n<!-- \/ Yoast SEO plugin. -->","yoast_head_json":{"title":"\u0395\u03c0\u03b9\u03ba\u03bf\u03b9\u03bd\u03c9\u03bd\u03af\u03b1 - Empneo \u2013 Digital Marketing &amp; Web Design Experts","robots":{"index":"index","follow":"follow","max-snippet":"max-snippet:-1","max-image-preview":"max-image-preview:large","max-video-preview":"max-video-preview:-1"},"canonical":"https:\/\/empneo.gr\/de\/contact-us\/","og_locale":"de_DE","og_type":"article","og_title":"\u0395\u03c0\u03b9\u03ba\u03bf\u03b9\u03bd\u03c9\u03bd\u03af\u03b1 - Empneo \u2013 Digital Marketing &amp; Web Design Experts","og_description":"\u0391\u03bd\u03c5\u03c0\u03bf\u03bc\u03bf\u03bd\u03bf\u03cd\u03bc\u03b5 \u03bd\u03b1 \u03b1\u03ba\u03bf\u03cd\u03c3\u03bf\u03c5\u03bc\u03b5 \u03c4\u03b9\u03c2 \u03b9\u03b4\u03ad\u03b5\u03c2 \u03ba\u03b1\u03b9 \u03c4\u03b9\u03c2 \u03b1\u03bd\u03ac\u03b3\u03ba\u03b5\u03c2 \u03c3\u03b1\u03c2! \u0395\u03af\u03c4\u03b5 \u03b1\u03bd\u03b1\u03b6\u03b7\u03c4\u03ac\u03c4\u03b5 \u03b2\u03bf\u03ae\u03b8\u03b5\u03b9\u03b1 \u03bc\u03b5 \u03c4\u03b7\u03bd \u03b1\u03bd\u03ac\u03c0\u03c4\u03c5\u03be\u03b7 \u03c4\u03b7\u03c2 Digital Marketing \u03c3\u03c4\u03c1\u03b1\u03c4\u03b7\u03b3\u03b9\u03ba\u03ae\u03c2 \u03c3\u03b1\u03c2, \u03b5\u03af\u03c4\u03b5 \u03c7\u03c1\u03b5\u03b9\u03ac\u03b6\u03b5\u03c3\u03c4\u03b5 \u03c5\u03c0\u03bf\u03c3\u03c4\u03ae\u03c1\u03b9\u03be\u03b7 \u03c3\u03c4\u03b7 \u03b4\u03b9\u03b1\u03c7\u03b5\u03af\u03c1\u03b9\u03c3\u03b7 \u03c4\u03c9\u03bd Social Media, \u03c4\u03b7 \u03b2\u03b5\u03bb\u03c4\u03b9\u03c3\u03c4\u03bf\u03c0\u03bf\u03af\u03b7\u03c3\u03b7 \u03c4\u03b7\u03c2 \u03b9\u03c3\u03c4\u03bf\u03c3\u03b5\u03bb\u03af\u03b4\u03b1\u03c2 \u03c3\u03b1\u03c2 (SEO), \u03ae \u03c4\u03b7 \u03b4\u03b7\u03bc\u03b9\u03bf\u03c5\u03c1\u03b3\u03af\u03b1 \u03b1\u03c0\u03bf\u03c4\u03b5\u03bb\u03b5\u03c3\u03bc\u03b1\u03c4\u03b9\u03ba\u03ce\u03bd \u03ba\u03b1\u03bc\u03c0\u03b1\u03bd\u03b9\u03ce\u03bd \u03b4\u03b9\u03b1\u03c6\u03ae\u03bc\u03b9\u03c3\u03b7\u03c2 (PPC), \u03b7 \u03b5\u03be\u03b5\u03b9\u03b4\u03b9\u03ba\u03b5\u03c5\u03bc\u03ad\u03bd\u03b7 \u03bf\u03bc\u03ac\u03b4\u03b1 \u03bc\u03b1\u03c2 \u03b5\u03af\u03bd\u03b1\u03b9 \u03ad\u03c4\u03bf\u03b9\u03bc\u03b7 \u03bd\u03b1 \u03c3\u03b1\u03c2 \u03b2\u03bf\u03b7\u03b8\u03ae\u03c3\u03b5\u03b9. \u03a3\u03c5\u03bc\u03c0\u03bb\u03b7\u03c1\u03ce\u03c3\u03c4\u03b5 \u03c4\u03b7\u03bd \u03c0\u03b1\u03c1\u03b1\u03ba\u03ac\u03c4\u03c9 \u03c6\u03cc\u03c1\u03bc\u03b1 \u03ae [&hellip;]","og_url":"https:\/\/empneo.gr\/de\/contact-us\/","og_site_name":"Empneo \u2013 Digital Marketing &amp; Web Design Experts","article_modified_time":"2024-06-13T13:38:23+00:00","twitter_card":"summary_large_image","schema":{"@context":"https:\/\/schema.org","@graph":[{"@type":"WebPage","@id":"https:\/\/empneo.gr\/contact-us\/","url":"https:\/\/empneo.gr\/contact-us\/","name":"\u0395\u03c0\u03b9\u03ba\u03bf\u03b9\u03bd\u03c9\u03bd\u03af\u03b1 - Empneo \u2013 Digital Marketing &amp; Web Design Experts","isPartOf":{"@id":"https:\/\/empneo.gr\/#website"},"datePublished":"2024-05-26T10:33:18+00:00","dateModified":"2024-06-13T13:38:23+00:00","breadcrumb":{"@id":"https:\/\/empneo.gr\/contact-us\/#breadcrumb"},"inLanguage":"de","potentialAction":[{"@type":"ReadAction","target":["https:\/\/empneo.gr\/contact-us\/"]}]},{"@type":"BreadcrumbList","@id":"https:\/\/empneo.gr\/contact-us\/#breadcrumb","itemListElement":[{"@type":"ListItem","position":1,"name":"Home","item":"https:\/\/empneo.gr\/"},{"@type":"ListItem","position":2,"name":"\u0395\u03c0\u03b9\u03ba\u03bf\u03b9\u03bd\u03c9\u03bd\u03af\u03b1"}]},{"@type":"WebSite","@id":"https:\/\/empneo.gr\/#website","url":"https:\/\/empneo.gr\/","name":"Empneo \u2013 Digital Marketing &amp; Web Design Experts","description":"Digital Marketing, \u0399\u03c3\u03c4\u03bf\u03c3\u03b5\u03bb\u03af\u03b4\u03b5\u03c2, SEO, \u03c6\u03c9\u03c4\u03bf\u03b3\u03c1\u03ac\u03c6\u03b9\u03c3\u03b7, video, \u03b3\u03c1\u03b1\u03c6\u03b9\u03c3\u03c4\u03b9\u03ba\u03ac &amp; digital \u03ba\u03ac\u03c1\u03c4\u03b5\u03c2. 24+ \u03c7\u03c1\u03cc\u03bd\u03b9\u03b1 \u03b5\u03bc\u03c0\u03b5\u03b9\u03c1\u03af\u03b1\u03c2 \u03b3\u03b9\u03b1 \u03c4\u03b7\u03bd online \u03b5\u03c0\u03b9\u03c4\u03c5\u03c7\u03af\u03b1 \u03c3\u03b1\u03c2.","potentialAction":[{"@type":"SearchAction","target":{"@type":"EntryPoint","urlTemplate":"https:\/\/empneo.gr\/?s={search_term_string}"},"query-input":{"@type":"PropertyValueSpecification","valueRequired":true,"valueName":"search_term_string"}}],"inLanguage":"de"}]}},"_links":{"self":[{"href":"https:\/\/empneo.gr\/de\/wp-json\/wp\/v2\/pages\/17","targetHints":{"allow":["GET"]}}],"collection":[{"href":"https:\/\/empneo.gr\/de\/wp-json\/wp\/v2\/pages"}],"about":[{"href":"https:\/\/empneo.gr\/de\/wp-json\/wp\/v2\/types\/page"}],"author":[{"embeddable":true,"href":"https:\/\/empneo.gr\/de\/wp-json\/wp\/v2\/users\/1"}],"replies":[{"embeddable":true,"href":"https:\/\/empneo.gr\/de\/wp-json\/wp\/v2\/comments?post=17"}],"version-history":[{"count":4,"href":"https:\/\/empneo.gr\/de\/wp-json\/wp\/v2\/pages\/17\/revisions"}],"predecessor-version":[{"id":706,"href":"https:\/\/empneo.gr\/de\/wp-json\/wp\/v2\/pages\/17\/revisions\/706"}],"wp:attachment":[{"href":"https:\/\/empneo.gr\/de\/wp-json\/wp\/v2\/media?parent=17"}],"curies":[{"name":"wp","href":"https:\/\/api.w.org\/{rel}","templated":true}]}}