{"id":580,"date":"2024-06-11T12:01:48","date_gmt":"2024-06-11T10:01:48","guid":{"rendered":"https:\/\/empneonew.webgiantdemo.se\/?page_id=580"},"modified":"2024-06-11T12:09:43","modified_gmt":"2024-06-11T10:09:43","slug":"digital-menu","status":"publish","type":"page","link":"https:\/\/empneo.gr\/de\/digital-menu\/","title":{"rendered":"Digitales Men\u00fc"},"content":{"rendered":"<h1>Digitales Men\u00fc<\/h1>\n<div>\n<h2>Eine neue Art f\u00fcr Ihr Men\u00fc!<\/h2>\n<p>Verbessern Sie das Erlebnis Ihrer Kunden mit digitaler Online-Men\u00fctechnologie! Durch eine einfache <strong>QR-Code oder mit NFC-Technologie<\/strong>Ihre Kunden k\u00f6nnen Ihr Men\u00fc direkt auf ihrem Bildschirm erkunden, indem Sie es ganz einfach mit dem Handy scannen. Ihre online per E-Mail verf\u00fcgbare Speisekarte wird von uns in ein mobilfreundliches, organisiertes und benutzerfreundliches Format mit automatischer \u00dcbersetzung umgewandelt. Ganz gleich, ob es sich um ein Restaurant, ein Caf\u00e9, eine Bar, eine B\u00e4ckerei oder eine Konditorei handelt, Ihre digitale Speisekarte eignet sich ideal f\u00fcr Click Away-, Take Away- und Telefon- oder Online-Bestellungen und verbessert die Bestell- und Komfortfreundlichkeit bei Lieferprozessen.<\/p>\n<h4>Sind Sie bereit, Ihre Speisekarte wirklich benutzerfreundlich zu gestalten?<\/h4>\n<ul class=\"nice-ul\">\n<li>Reduzieren Sie Ihre Kosten mit digitalen Katalogen erheblich \u2013 verabschieden Sie sich von hohen Design- und Druckkosten.<\/li>\n<li>Vermeiden Sie den Verschlei\u00df und die zus\u00e4tzlichen Wartungsgeb\u00fchren eines physischen Katalogs.<\/li>\n<li>Aktualisieren Sie Ihre Preisliste jederzeit, indem Sie mit einem einfachen Klick Preise anpassen und Produkte verl\u00e4ngern.<\/li>\n<li>Erweitern Sie Ihren Kundenkreis, indem Sie Men\u00fcs in mehreren Sprachen erstellen und so die Zug\u00e4nglichkeit und Attraktivit\u00e4t verbessern.<\/li>\n<li>Nutzen Sie Ihre Speisekarte ohne spezielle Anwendungen \u2013 die digitale Form ist per QR-Code sofort verf\u00fcgbar.<\/li>\n<li>Verbessern Sie das Kundenerlebnis, indem Sie h\u00e4ufige Beschwerden \u00fcber kleine Texte in Katalogen mit der digitalen L\u00f6sung beseitigen, die ein einfaches Zoomen und Lesen erm\u00f6glicht.<\/li>\n<\/ul>\n<p>\u00dcberlassen Sie Ihr Men\u00fc unseren H\u00e4nden und k\u00fcmmern Sie sich um nichts anderes. Wir k\u00fcmmern uns um alles!<\/p>\n<\/div>\n<p><img decoding=\"async\" src=\"\/wp-content\/uploads\/2024\/06\/%CE%91%CE%BD%CF%84%CE%AF%CE%B3%CF%81%CE%B1%CF%86%CE%BF-%CF%84%CE%BF%CF%85-Digital-Business-Profile.png\" alt=\"\"><\/p>\n<p><!--more--><br \/>\n<!-- {\"type\":\"layout\",\"children\":[{\"type\":\"section\",\"props\":{\"css\":\".el-section{\\n\\tbackground: linear-gradient(90deg, #FE4278 0%, #3C3571 100%);\\n}\",\"header_transparent\":true,\"header_transparent_noplaceholder\":false,\"header_transparent_text_color\":\"light\",\"height_viewport\":700,\"image_position\":\"center-center\",\"padding\":\"large\",\"padding_remove_bottom\":false,\"style\":\"primary\",\"title_breakpoint\":\"xl\",\"title_position\":\"top-left\",\"title_rotation\":\"left\",\"vertical_align\":\"\",\"width\":\"\"},\"children\":[{\"type\":\"row\",\"children\":[{\"type\":\"column\",\"props\":{\"css\":\".el-column > .uk-panel{\\n\\tdisplay: flex;\\n    flex-direction: column;\\n}\",\"image_position\":\"center-center\",\"position_sticky_breakpoint\":\"m\",\"vertical_align\":\"middle\"},\"children\":[{\"type\":\"headline\",\"props\":{\"content\":\"Digital Menu\",\"css\":\".el-element{\\n    font-weight: bold;\\n    line-height:1em;\\n}\\n@media screen and (min-width: 768px){\\n    .el-element{\\n        font-size: 80px;\\n    }\\n}\\n@media screen and (min-width: 1080px){\\n\\t.el-element{\\n        font-size: 120px;\\n    }\\n}\",\"text_align\":\"center\",\"title_element\":\"h1\"}},{\"type\":\"breadcrumbs\",\"props\":{\"show_current\":true,\"show_home\":true,\"text_align\":\"center\"}}]}],\"props\":{\"height_viewport\":300}}],\"name\":\"HEADING\"},{\"type\":\"section\",\"props\":{\"image_position\":\"center-center\",\"style\":\"default\",\"title_breakpoint\":\"xl\",\"title_position\":\"top-left\",\"title_rotation\":\"left\",\"vertical_align\":\"middle\",\"width\":\"default\"},\"children\":[{\"type\":\"row\",\"children\":[{\"type\":\"column\",\"props\":{\"image_position\":\"center-center\",\"position_sticky_breakpoint\":\"m\"},\"children\":[{\"type\":\"text\",\"props\":{\"column_breakpoint\":\"m\",\"content\":\"\n\n<h2>\\u0388\\u03bd\\u03b1\\u03c2 \\u03bd\\u03ad\\u03bf\\u03c2 \\u03c4\\u03c1\\u03cc\\u03c0\\u03bf\\u03c2 \\u03b3\\u03b9\\u03b1 \\u03c4\\u03bf \\u03bc\\u03b5\\u03bd\\u03bf\\u03cd \\u03c3\\u03bf\\u03c5!<\\\/h2>\\n\n\n<p>\\u0391\\u03bd\\u03b1\\u03b2\\u03b1\\u03b8\\u03bc\\u03af\\u03c3\\u03c4\\u03b5 \\u03c4\\u03b7\\u03bd \\u03b5\\u03bc\\u03c0\\u03b5\\u03b9\\u03c1\\u03af\\u03b1 \\u03c4\\u03c9\\u03bd \\u03c0\\u03b5\\u03bb\\u03b1\\u03c4\\u03ce\\u03bd \\u03c3\\u03b1\\u03c2 \\u03bc\\u03b5 \\u03c4\\u03b7\\u03bd \\u03c4\\u03b5\\u03c7\\u03bd\\u03bf\\u03bb\\u03bf\\u03b3\\u03af\\u03b1 \\u03c4\\u03c9\\u03bd \\u03c8\\u03b7\\u03c6\\u03b9\\u03b1\\u03ba\\u03ce\\u03bd online \\u03bc\\u03b5\\u03bd\\u03bf\\u03cd! \\u039c\\u03ad\\u03c3\\u03c9 \\u03b5\\u03bd\\u03cc\\u03c2 \\u03b1\\u03c0\\u03bb\\u03bf\\u03cd <strong>QR code \\u03ae \\u03bc\\u03b5 \\u03c4\\u03b7\\u03bd NFC \\u03c4\\u03b5\\u03c7\\u03bd\\u03bf\\u03bb\\u03bf\\u03b3\\u03af\\u03b1<\\\/strong>, \\u03c0\\u03bf\\u03c5 \\u03b5\\u03cd\\u03ba\\u03bf\\u03bb\\u03b1 \\u03c3\\u03ba\\u03b1\\u03bd\\u03ac\\u03c1\\u03b5\\u03c4\\u03b1\\u03b9 \\u03b1\\u03c0\\u03cc \\u03c4\\u03bf \\u03ba\\u03b9\\u03bd\\u03b7\\u03c4\\u03cc, \\u03bf\\u03b9 \\u03c0\\u03b5\\u03bb\\u03ac\\u03c4\\u03b5\\u03c2 \\u03c3\\u03b1\\u03c2 \\u03bc\\u03c0\\u03bf\\u03c1\\u03bf\\u03cd\\u03bd \\u03bd\\u03b1 \\u03b5\\u03be\\u03b5\\u03c1\\u03b5\\u03c5\\u03bd\\u03ae\\u03c3\\u03bf\\u03c5\\u03bd \\u03c4\\u03bf \\u03bc\\u03b5\\u03bd\\u03bf\\u03cd \\u03c3\\u03b1\\u03c2 \\u03b1\\u03c0\\u03b5\\u03c5\\u03b8\\u03b5\\u03af\\u03b1\\u03c2 \\u03c3\\u03c4\\u03b7\\u03bd \\u03bf\\u03b8\\u03cc\\u03bd\\u03b7 \\u03c4\\u03bf\\u03c5\\u03c2. \\u03a4\\u03bf \\u03bc\\u03b5\\u03bd\\u03bf\\u03cd \\u03c3\\u03b1\\u03c2, \\u03c0\\u03bf\\u03c5 \\u03b4\\u03b9\\u03b1\\u03b8\\u03ad\\u03c4\\u03b5\\u03c4\\u03b5 \\u03b7\\u03bb\\u03b5\\u03ba\\u03c4\\u03c1\\u03bf\\u03bd\\u03b9\\u03ba\\u03ac \\u03bc\\u03ad\\u03c3\\u03c9 email, \\u03bc\\u03b5\\u03c4\\u03b1\\u03c4\\u03c1\\u03ad\\u03c0\\u03b5\\u03c4\\u03b1\\u03b9 \\u03b1\\u03c0\\u03cc \\u03b5\\u03bc\\u03ac\\u03c2 \\u03c3\\u03b5 \\u03bc\\u03b9\\u03b1 \\u03c0\\u03c1\\u03bf\\u03c3\\u03b9\\u03c4\\u03ae \\u03bc\\u03bf\\u03c1\\u03c6\\u03ae \\u03b3\\u03b9\\u03b1 \\u03ba\\u03b9\\u03bd\\u03b7\\u03c4\\u03ac, \\u03bf\\u03c1\\u03b3\\u03b1\\u03bd\\u03c9\\u03bc\\u03ad\\u03bd\\u03bf \\u03ba\\u03b1\\u03b9 \\u03b5\\u03cd\\u03c7\\u03c1\\u03b7\\u03c3\\u03c4\\u03bf, \\u03bc\\u03b5 \\u03b4\\u03c5\\u03bd\\u03b1\\u03c4\\u03cc\\u03c4\\u03b7\\u03c4\\u03b1 \\u03b1\\u03c5\\u03c4\\u03cc\\u03bc\\u03b1\\u03c4\\u03b7\\u03c2 \\u03bc\\u03b5\\u03c4\\u03ac\\u03c6\\u03c1\\u03b1\\u03c3\\u03b7\\u03c2. \\u0395\\u03af\\u03c4\\u03b5 \\u03c0\\u03c1\\u03cc\\u03ba\\u03b5\\u03b9\\u03c4\\u03b1\\u03b9 \\u03b3\\u03b9\\u03b1 \\u03b5\\u03c3\\u03c4\\u03b9\\u03b1\\u03c4\\u03cc\\u03c1\\u03b9\\u03bf, \\u03ba\\u03b1\\u03c6\\u03b5\\u03c4\\u03ad\\u03c1\\u03b9\\u03b1, \\u03bc\\u03c0\\u03b1\\u03c1, \\u03c6\\u03bf\\u03cd\\u03c1\\u03bd\\u03bf \\u03ae \\u03b6\\u03b1\\u03c7\\u03b1\\u03c1\\u03bf\\u03c0\\u03bb\\u03b1\\u03c3\\u03c4\\u03b5\\u03af\\u03bf, \\u03c4\\u03bf \\u03c8\\u03b7\\u03c6\\u03b9\\u03b1\\u03ba\\u03cc \\u03c3\\u03b1\\u03c2 \\u03bc\\u03b5\\u03bd\\u03bf\\u03cd \\u03b5\\u03af\\u03bd\\u03b1\\u03b9 \\u03b9\\u03b4\\u03b1\\u03bd\\u03b9\\u03ba\\u03cc \\u03b3\\u03b9\\u03b1 Click Away, Take Away \\u03ba\\u03b1\\u03b9 \\u03c4\\u03b7\\u03bb\\u03b5\\u03c6\\u03c9\\u03bd\\u03b9\\u03ba\\u03ad\\u03c2 \\u03ae online \\u03c0\\u03b1\\u03c1\\u03b1\\u03b3\\u03b3\\u03b5\\u03bb\\u03af\\u03b5\\u03c2, \\u03b5\\u03bd\\u03b9\\u03c3\\u03c7\\u03cd\\u03bf\\u03bd\\u03c4\\u03b1\\u03c2 \\u03c4\\u03b7\\u03bd \\u03c0\\u03b1\\u03c1\\u03b1\\u03b3\\u03b3\\u03b5\\u03bb\\u03b9\\u03bf\\u03bb\\u03b7\\u03c8\\u03af\\u03b1 \\u03ba\\u03b1\\u03b9 \\u03c4\\u03b7\\u03bd \\u03b5\\u03c5\\u03ba\\u03bf\\u03bb\\u03af\\u03b1 \\u03c3\\u03c4\\u03b9\\u03c2 \\u03b4\\u03b9\\u03b1\\u03b4\\u03b9\\u03ba\\u03b1\\u03c3\\u03af\\u03b5\\u03c2 Delivery.<\\\/p>\\n\n\n<h4>\\u0395\\u03af\\u03c3\\u03c4\\u03b5 \\u03ad\\u03c4\\u03bf\\u03b9\\u03bc\\u03bf\\u03b9 \\u03bd\\u03b1 \\u03ba\\u03ac\\u03bd\\u03b5\\u03c4\\u03b5 \\u03c4\\u03bf \\u03bc\\u03b5\\u03bd\\u03bf\\u03cd \\u03c3\\u03b1\\u03c2 \\u03c0\\u03c1\\u03b1\\u03b3\\u03bc\\u03b1\\u03c4\\u03b9\\u03ba\\u03ac \\u03c6\\u03b9\\u03bb\\u03b9\\u03ba\\u03cc;<\\\/h4>\\n\n\n<ul class=\\\"nice-ul\\\">\\n\n\n<li>\\u039c\\u03b5\\u03b9\\u03ce\\u03c3\\u03c4\\u03b5 \\u03c3\\u03b7\\u03bc\\u03b1\\u03bd\\u03c4\\u03b9\\u03ba\\u03ac \\u03c4\\u03b1 \\u03ad\\u03be\\u03bf\\u03b4\\u03b1 \\u03bc\\u03b5 \\u03c4\\u03bf\\u03c5\\u03c2 \\u03c8\\u03b7\\u03c6\\u03b9\\u03b1\\u03ba\\u03bf\\u03cd\\u03c2 \\u03ba\\u03b1\\u03c4\\u03b1\\u03bb\\u03cc\\u03b3\\u03bf\\u03c5\\u03c2 \\u2013 \\u03b1\\u03c0\\u03bf\\u03c7\\u03b1\\u03b9\\u03c1\\u03b5\\u03c4\\u03af\\u03c3\\u03c4\\u03b5 \\u03c4\\u03b1 \\u03c0\\u03b1\\u03c7\\u03c5\\u03bb\\u03ac \\u03ad\\u03be\\u03bf\\u03b4\\u03b1 \\u03c3\\u03c7\\u03b5\\u03b4\\u03af\\u03b1\\u03c3\\u03b7\\u03c2 \\u03ba\\u03b1\\u03b9 \\u03b5\\u03ba\\u03c4\\u03cd\\u03c0\\u03c9\\u03c3\\u03b7\\u03c2.<\\\/li>\\n\n\n<li>\\u0391\\u03c0\\u03bf\\u03c6\\u03cd\\u03b3\\u03b5\\u03c4\\u03b5 \\u03c4\\u03b9\\u03c2 \\u03c6\\u03b8\\u03bf\\u03c1\\u03ad\\u03c2 \\u03ba\\u03b1\\u03b9 \\u03c4\\u03b9\\u03c2 \\u03b5\\u03c0\\u03b9\\u03c0\\u03bb\\u03ad\\u03bf\\u03bd \\u03c7\\u03c1\\u03b5\\u03ce\\u03c3\\u03b5\\u03b9\\u03c2 \\u03c3\\u03c5\\u03bd\\u03c4\\u03ae\\u03c1\\u03b7\\u03c3\\u03b7\\u03c2 \\u03b5\\u03bd\\u03cc\\u03c2 \\u03c6\\u03c5\\u03c3\\u03b9\\u03ba\\u03bf\\u03cd \\u03ba\\u03b1\\u03c4\\u03b1\\u03bb\\u03cc\\u03b3\\u03bf\\u03c5.<\\\/li>\\n\n\n<li>\\u0395\\u03bd\\u03b7\\u03bc\\u03b5\\u03c1\\u03ce\\u03c3\\u03c4\\u03b5 \\u03c4\\u03bf\\u03bd \\u03c4\\u03b9\\u03bc\\u03bf\\u03ba\\u03b1\\u03c4\\u03ac\\u03bb\\u03bf\\u03b3\\u03cc \\u03c3\\u03b1\\u03c2 \\u03b1\\u03bd\\u03ac \\u03c0\\u03ac\\u03c3\\u03b1 \\u03c3\\u03c4\\u03b9\\u03b3\\u03bc\\u03ae, \\u03c1\\u03c5\\u03b8\\u03bc\\u03af\\u03b6\\u03bf\\u03bd\\u03c4\\u03b1\\u03c2 \\u03c4\\u03b9\\u03c2 \\u03c4\\u03b9\\u03bc\\u03ad\\u03c2 \\u03ba\\u03b1\\u03b9 \\u03b1\\u03bd\\u03b1\\u03bd\\u03b5\\u03ce\\u03bd\\u03bf\\u03bd\\u03c4\\u03b1\\u03c2 \\u03c4\\u03b1 \\u03c0\\u03c1\\u03bf\\u03ca\\u03cc\\u03bd\\u03c4\\u03b1 \\u03bc\\u03b5 \\u03ad\\u03bd\\u03b1 \\u03b1\\u03c0\\u03bb\\u03cc \\u03ba\\u03bb\\u03b9\\u03ba.<\\\/li>\\n\n\n<li>\\u0395\\u03c0\\u03b5\\u03ba\\u03c4\\u03b5\\u03af\\u03bd\\u03b5\\u03c4\\u03b5 \\u03c4\\u03bf \\u03c0\\u03b5\\u03bb\\u03b1\\u03c4\\u03bf\\u03bb\\u03cc\\u03b3\\u03b9\\u03bf \\u03c3\\u03b1\\u03c2 \\u03b4\\u03b7\\u03bc\\u03b9\\u03bf\\u03c5\\u03c1\\u03b3\\u03ce\\u03bd\\u03c4\\u03b1\\u03c2 \\u03bc\\u03b5\\u03bd\\u03bf\\u03cd \\u03c3\\u03b5 \\u03c0\\u03bf\\u03bb\\u03bb\\u03b1\\u03c0\\u03bb\\u03ad\\u03c2 \\u03b3\\u03bb\\u03ce\\u03c3\\u03c3\\u03b5\\u03c2, \\u03b5\\u03bd\\u03b9\\u03c3\\u03c7\\u03cd\\u03bf\\u03bd\\u03c4\\u03b1\\u03c2 \\u03c4\\u03b7\\u03bd \\u03c0\\u03c1\\u03bf\\u03c3\\u03b2\\u03b1\\u03c3\\u03b9\\u03bc\\u03cc\\u03c4\\u03b7\\u03c4\\u03b1 \\u03ba\\u03b1\\u03b9 \\u03c4\\u03b7\\u03bd \\u03b5\\u03bb\\u03ba\\u03c5\\u03c3\\u03c4\\u03b9\\u03ba\\u03cc\\u03c4\\u03b7\\u03c4\\u03b1.<\\\/li>\\n\n\n<li>\\u03a7\\u03c1\\u03b7\\u03c3\\u03b9\\u03bc\\u03bf\\u03c0\\u03bf\\u03b9\\u03ae\\u03c3\\u03c4\\u03b5 \\u03c4\\u03bf \\u03bc\\u03b5\\u03bd\\u03bf\\u03cd \\u03c3\\u03b1\\u03c2 \\u03c7\\u03c9\\u03c1\\u03af\\u03c2 \\u03c4\\u03b7\\u03bd \\u03b1\\u03bd\\u03ac\\u03b3\\u03ba\\u03b7 \\u03b3\\u03b9\\u03b1 \\u03b5\\u03b9\\u03b4\\u03b9\\u03ba\\u03ad\\u03c2 \\u03b5\\u03c6\\u03b1\\u03c1\\u03bc\\u03bf\\u03b3\\u03ad\\u03c2 \\u2013 \\u03b7 \\u03c8\\u03b7\\u03c6\\u03b9\\u03b1\\u03ba\\u03ae \\u03c4\\u03bf\\u03c5 \\u03bc\\u03bf\\u03c1\\u03c6\\u03ae \\u03b5\\u03af\\u03bd\\u03b1\\u03b9 \\u03ac\\u03bc\\u03b5\\u03c3\\u03b1 \\u03b4\\u03b9\\u03b1\\u03b8\\u03ad\\u03c3\\u03b9\\u03bc\\u03b7 \\u03bc\\u03ad\\u03c3\\u03c9 QR-Code.<\\\/li>\\n\n\n<li>\\u0392\\u03b5\\u03bb\\u03c4\\u03b9\\u03ce\\u03c3\\u03c4\\u03b5 \\u03c4\\u03b7\\u03bd \\u03b5\\u03bc\\u03c0\\u03b5\\u03b9\\u03c1\\u03af\\u03b1 \\u03c4\\u03bf\\u03c5 \\u03c0\\u03b5\\u03bb\\u03ac\\u03c4\\u03b7 \\u03b5\\u03be\\u03b1\\u03bb\\u03b5\\u03af\\u03c6\\u03bf\\u03bd\\u03c4\\u03b1\\u03c2 \\u03c4\\u03b1 \\u03c3\\u03c5\\u03bd\\u03b7\\u03b8\\u03b9\\u03c3\\u03bc\\u03ad\\u03bd\\u03b1 \\u03c0\\u03b1\\u03c1\\u03ac\\u03c0\\u03bf\\u03bd\\u03b1 \\u03b3\\u03b9\\u03b1 \\u03bc\\u03b9\\u03ba\\u03c1\\u03ac \\u03ba\\u03b5\\u03af\\u03bc\\u03b5\\u03bd\\u03b1 \\u03c3\\u03c4\\u03bf\\u03c5\\u03c2 \\u03ba\\u03b1\\u03c4\\u03b1\\u03bb\\u03cc\\u03b3\\u03bf\\u03c5\\u03c2, \\u03bc\\u03b5 \\u03c4\\u03b7\\u03bd \\u03c8\\u03b7\\u03c6\\u03b9\\u03b1\\u03ba\\u03ae \\u03bb\\u03cd\\u03c3\\u03b7 \\u03c0\\u03bf\\u03c5 \\u03b5\\u03c0\\u03b9\\u03c4\\u03c1\\u03ad\\u03c0\\u03b5\\u03b9 \\u03b5\\u03cd\\u03ba\\u03bf\\u03bb\\u03b7 \\u03bc\\u03b5\\u03b3\\u03ad\\u03b8\\u03c5\\u03bd\\u03c3\\u03b7 \\u03ba\\u03b1\\u03b9 \\u03b1\\u03bd\\u03ac\\u03b3\\u03bd\\u03c9\\u03c3\\u03b7.<\\\/li>\\n<\\\/ul>\\n\n\n<p>\\u0391\\u03c6\\u03ae\\u03c3\\u03c4\\u03b5 \\u03c4\\u03bf \\u03bc\\u03b5\\u03bd\\u03bf\\u03cd \\u03c3\\u03b1\\u03c2 \\u03c3\\u03c4\\u03b1 \\u03c7\\u03ad\\u03c1\\u03b9\\u03b1 \\u03bc\\u03b1\\u03c2 \\u03ba\\u03b1\\u03b9 \\u03bc\\u03b7\\u03bd \\u03b1\\u03bd\\u03b7\\u03c3\\u03c5\\u03c7\\u03b5\\u03af\\u03c4\\u03b5 \\u03b3\\u03b9\\u03b1 \\u03c4\\u03af\\u03c0\\u03bf\\u03c4\\u03b1 \\u03ac\\u03bb\\u03bb\\u03bf. \\u0395\\u03bc\\u03b5\\u03af\\u03c2 \\u03b8\\u03b1 \\u03c6\\u03c1\\u03bf\\u03bd\\u03c4\\u03af\\u03c3\\u03bf\\u03c5\\u03bc\\u03b5 \\u03c4\\u03b1 \\u03c0\\u03ac\\u03bd\\u03c4\\u03b1!<\\\/p>\",\"margin\":\"default\"}}]}]},{\"type\":\"row\",\"children\":[{\"type\":\"column\",\"props\":{\"image_position\":\"center-center\",\"position_sticky_breakpoint\":\"m\"},\"children\":[{\"type\":\"image\",\"props\":{\"image\":\"wp-content\\\/uploads\\\/2024\\\/06\\\/\\u0391\\u03bd\\u03c4\\u03af\\u03b3\\u03c1\\u03b1\\u03c6\\u03bf-\\u03c4\\u03bf\\u03c5-Digital-Business-Profile.png\",\"image_svg_color\":\"emphasis\",\"margin\":\"default\",\"text_align\":\"center\"}}]}]}]}],\"version\":\"4.4.2\"} --><\/p>","protected":false},"excerpt":{"rendered":"<p>Digital Menu \u0388\u03bd\u03b1\u03c2 \u03bd\u03ad\u03bf\u03c2 \u03c4\u03c1\u03cc\u03c0\u03bf\u03c2 \u03b3\u03b9\u03b1 \u03c4\u03bf \u03bc\u03b5\u03bd\u03bf\u03cd \u03c3\u03bf\u03c5! \u0391\u03bd\u03b1\u03b2\u03b1\u03b8\u03bc\u03af\u03c3\u03c4\u03b5 \u03c4\u03b7\u03bd \u03b5\u03bc\u03c0\u03b5\u03b9\u03c1\u03af\u03b1 \u03c4\u03c9\u03bd \u03c0\u03b5\u03bb\u03b1\u03c4\u03ce\u03bd \u03c3\u03b1\u03c2 \u03bc\u03b5 \u03c4\u03b7\u03bd \u03c4\u03b5\u03c7\u03bd\u03bf\u03bb\u03bf\u03b3\u03af\u03b1 \u03c4\u03c9\u03bd \u03c8\u03b7\u03c6\u03b9\u03b1\u03ba\u03ce\u03bd online \u03bc\u03b5\u03bd\u03bf\u03cd! \u039c\u03ad\u03c3\u03c9 \u03b5\u03bd\u03cc\u03c2 \u03b1\u03c0\u03bb\u03bf\u03cd QR code \u03ae \u03bc\u03b5 \u03c4\u03b7\u03bd NFC \u03c4\u03b5\u03c7\u03bd\u03bf\u03bb\u03bf\u03b3\u03af\u03b1, \u03c0\u03bf\u03c5 \u03b5\u03cd\u03ba\u03bf\u03bb\u03b1 \u03c3\u03ba\u03b1\u03bd\u03ac\u03c1\u03b5\u03c4\u03b1\u03b9 \u03b1\u03c0\u03cc \u03c4\u03bf \u03ba\u03b9\u03bd\u03b7\u03c4\u03cc, \u03bf\u03b9 \u03c0\u03b5\u03bb\u03ac\u03c4\u03b5\u03c2 \u03c3\u03b1\u03c2 \u03bc\u03c0\u03bf\u03c1\u03bf\u03cd\u03bd \u03bd\u03b1 \u03b5\u03be\u03b5\u03c1\u03b5\u03c5\u03bd\u03ae\u03c3\u03bf\u03c5\u03bd \u03c4\u03bf \u03bc\u03b5\u03bd\u03bf\u03cd \u03c3\u03b1\u03c2 \u03b1\u03c0\u03b5\u03c5\u03b8\u03b5\u03af\u03b1\u03c2 \u03c3\u03c4\u03b7\u03bd \u03bf\u03b8\u03cc\u03bd\u03b7 \u03c4\u03bf\u03c5\u03c2. \u03a4\u03bf \u03bc\u03b5\u03bd\u03bf\u03cd \u03c3\u03b1\u03c2, \u03c0\u03bf\u03c5 [&hellip;]<\/p>","protected":false},"author":1,"featured_media":0,"parent":0,"menu_order":0,"comment_status":"closed","ping_status":"closed","template":"","meta":{"footnotes":""},"class_list":["post-580","page","type-page","status-publish","hentry"],"yoast_head":"<!-- This site is optimized with the Yoast SEO plugin v25.1 - https:\/\/yoast.com\/wordpress\/plugins\/seo\/ -->\n<title>Digital Menu - Empneo \u2013 Digital Marketing &amp; Web Design Experts<\/title>\n<meta name=\"robots\" content=\"index, follow, max-snippet:-1, max-image-preview:large, max-video-preview:-1\" \/>\n<link rel=\"canonical\" href=\"https:\/\/empneo.gr\/de\/digital-menu\/\" \/>\n<meta property=\"og:locale\" content=\"de_DE\" \/>\n<meta property=\"og:type\" content=\"article\" \/>\n<meta property=\"og:title\" content=\"Digital Menu - Empneo \u2013 Digital Marketing &amp; Web Design Experts\" \/>\n<meta property=\"og:description\" content=\"Digital Menu \u0388\u03bd\u03b1\u03c2 \u03bd\u03ad\u03bf\u03c2 \u03c4\u03c1\u03cc\u03c0\u03bf\u03c2 \u03b3\u03b9\u03b1 \u03c4\u03bf \u03bc\u03b5\u03bd\u03bf\u03cd \u03c3\u03bf\u03c5! \u0391\u03bd\u03b1\u03b2\u03b1\u03b8\u03bc\u03af\u03c3\u03c4\u03b5 \u03c4\u03b7\u03bd \u03b5\u03bc\u03c0\u03b5\u03b9\u03c1\u03af\u03b1 \u03c4\u03c9\u03bd \u03c0\u03b5\u03bb\u03b1\u03c4\u03ce\u03bd \u03c3\u03b1\u03c2 \u03bc\u03b5 \u03c4\u03b7\u03bd \u03c4\u03b5\u03c7\u03bd\u03bf\u03bb\u03bf\u03b3\u03af\u03b1 \u03c4\u03c9\u03bd \u03c8\u03b7\u03c6\u03b9\u03b1\u03ba\u03ce\u03bd online \u03bc\u03b5\u03bd\u03bf\u03cd! \u039c\u03ad\u03c3\u03c9 \u03b5\u03bd\u03cc\u03c2 \u03b1\u03c0\u03bb\u03bf\u03cd QR code \u03ae \u03bc\u03b5 \u03c4\u03b7\u03bd NFC \u03c4\u03b5\u03c7\u03bd\u03bf\u03bb\u03bf\u03b3\u03af\u03b1, \u03c0\u03bf\u03c5 \u03b5\u03cd\u03ba\u03bf\u03bb\u03b1 \u03c3\u03ba\u03b1\u03bd\u03ac\u03c1\u03b5\u03c4\u03b1\u03b9 \u03b1\u03c0\u03cc \u03c4\u03bf \u03ba\u03b9\u03bd\u03b7\u03c4\u03cc, \u03bf\u03b9 \u03c0\u03b5\u03bb\u03ac\u03c4\u03b5\u03c2 \u03c3\u03b1\u03c2 \u03bc\u03c0\u03bf\u03c1\u03bf\u03cd\u03bd \u03bd\u03b1 \u03b5\u03be\u03b5\u03c1\u03b5\u03c5\u03bd\u03ae\u03c3\u03bf\u03c5\u03bd \u03c4\u03bf \u03bc\u03b5\u03bd\u03bf\u03cd \u03c3\u03b1\u03c2 \u03b1\u03c0\u03b5\u03c5\u03b8\u03b5\u03af\u03b1\u03c2 \u03c3\u03c4\u03b7\u03bd \u03bf\u03b8\u03cc\u03bd\u03b7 \u03c4\u03bf\u03c5\u03c2. \u03a4\u03bf \u03bc\u03b5\u03bd\u03bf\u03cd \u03c3\u03b1\u03c2, \u03c0\u03bf\u03c5 [&hellip;]\" \/>\n<meta property=\"og:url\" content=\"https:\/\/empneo.gr\/de\/digital-menu\/\" \/>\n<meta property=\"og:site_name\" content=\"Empneo \u2013 Digital Marketing &amp; Web Design Experts\" \/>\n<meta property=\"article:modified_time\" content=\"2024-06-11T10:09:43+00:00\" \/>\n<meta name=\"twitter:card\" content=\"summary_large_image\" \/>\n<script type=\"application\/ld+json\" class=\"yoast-schema-graph\">{\"@context\":\"https:\/\/schema.org\",\"@graph\":[{\"@type\":\"WebPage\",\"@id\":\"https:\/\/empneo.gr\/digital-menu\/\",\"url\":\"https:\/\/empneo.gr\/digital-menu\/\",\"name\":\"Digital Menu - Empneo \u2013 Digital Marketing &amp; Web Design Experts\",\"isPartOf\":{\"@id\":\"https:\/\/empneo.gr\/#website\"},\"datePublished\":\"2024-06-11T10:01:48+00:00\",\"dateModified\":\"2024-06-11T10:09:43+00:00\",\"breadcrumb\":{\"@id\":\"https:\/\/empneo.gr\/digital-menu\/#breadcrumb\"},\"inLanguage\":\"de\",\"potentialAction\":[{\"@type\":\"ReadAction\",\"target\":[\"https:\/\/empneo.gr\/digital-menu\/\"]}]},{\"@type\":\"BreadcrumbList\",\"@id\":\"https:\/\/empneo.gr\/digital-menu\/#breadcrumb\",\"itemListElement\":[{\"@type\":\"ListItem\",\"position\":1,\"name\":\"Home\",\"item\":\"https:\/\/empneo.gr\/\"},{\"@type\":\"ListItem\",\"position\":2,\"name\":\"Digital Menu\"}]},{\"@type\":\"WebSite\",\"@id\":\"https:\/\/empneo.gr\/#website\",\"url\":\"https:\/\/empneo.gr\/\",\"name\":\"Empneo \u2013 Digital Marketing &amp; Web Design Experts\",\"description\":\"Digital Marketing, \u0399\u03c3\u03c4\u03bf\u03c3\u03b5\u03bb\u03af\u03b4\u03b5\u03c2, SEO, \u03c6\u03c9\u03c4\u03bf\u03b3\u03c1\u03ac\u03c6\u03b9\u03c3\u03b7, video, \u03b3\u03c1\u03b1\u03c6\u03b9\u03c3\u03c4\u03b9\u03ba\u03ac &amp; digital \u03ba\u03ac\u03c1\u03c4\u03b5\u03c2. 24+ \u03c7\u03c1\u03cc\u03bd\u03b9\u03b1 \u03b5\u03bc\u03c0\u03b5\u03b9\u03c1\u03af\u03b1\u03c2 \u03b3\u03b9\u03b1 \u03c4\u03b7\u03bd online \u03b5\u03c0\u03b9\u03c4\u03c5\u03c7\u03af\u03b1 \u03c3\u03b1\u03c2.\",\"potentialAction\":[{\"@type\":\"SearchAction\",\"target\":{\"@type\":\"EntryPoint\",\"urlTemplate\":\"https:\/\/empneo.gr\/?s={search_term_string}\"},\"query-input\":{\"@type\":\"PropertyValueSpecification\",\"valueRequired\":true,\"valueName\":\"search_term_string\"}}],\"inLanguage\":\"de\"}]}<\/script>\n<!-- \/ Yoast SEO plugin. -->","yoast_head_json":{"title":"Digital Menu - Empneo \u2013 Digital Marketing &amp; Web Design Experts","robots":{"index":"index","follow":"follow","max-snippet":"max-snippet:-1","max-image-preview":"max-image-preview:large","max-video-preview":"max-video-preview:-1"},"canonical":"https:\/\/empneo.gr\/de\/digital-menu\/","og_locale":"de_DE","og_type":"article","og_title":"Digital Menu - Empneo \u2013 Digital Marketing &amp; Web Design Experts","og_description":"Digital Menu \u0388\u03bd\u03b1\u03c2 \u03bd\u03ad\u03bf\u03c2 \u03c4\u03c1\u03cc\u03c0\u03bf\u03c2 \u03b3\u03b9\u03b1 \u03c4\u03bf \u03bc\u03b5\u03bd\u03bf\u03cd \u03c3\u03bf\u03c5! \u0391\u03bd\u03b1\u03b2\u03b1\u03b8\u03bc\u03af\u03c3\u03c4\u03b5 \u03c4\u03b7\u03bd \u03b5\u03bc\u03c0\u03b5\u03b9\u03c1\u03af\u03b1 \u03c4\u03c9\u03bd \u03c0\u03b5\u03bb\u03b1\u03c4\u03ce\u03bd \u03c3\u03b1\u03c2 \u03bc\u03b5 \u03c4\u03b7\u03bd \u03c4\u03b5\u03c7\u03bd\u03bf\u03bb\u03bf\u03b3\u03af\u03b1 \u03c4\u03c9\u03bd \u03c8\u03b7\u03c6\u03b9\u03b1\u03ba\u03ce\u03bd online \u03bc\u03b5\u03bd\u03bf\u03cd! \u039c\u03ad\u03c3\u03c9 \u03b5\u03bd\u03cc\u03c2 \u03b1\u03c0\u03bb\u03bf\u03cd QR code \u03ae \u03bc\u03b5 \u03c4\u03b7\u03bd NFC \u03c4\u03b5\u03c7\u03bd\u03bf\u03bb\u03bf\u03b3\u03af\u03b1, \u03c0\u03bf\u03c5 \u03b5\u03cd\u03ba\u03bf\u03bb\u03b1 \u03c3\u03ba\u03b1\u03bd\u03ac\u03c1\u03b5\u03c4\u03b1\u03b9 \u03b1\u03c0\u03cc \u03c4\u03bf \u03ba\u03b9\u03bd\u03b7\u03c4\u03cc, \u03bf\u03b9 \u03c0\u03b5\u03bb\u03ac\u03c4\u03b5\u03c2 \u03c3\u03b1\u03c2 \u03bc\u03c0\u03bf\u03c1\u03bf\u03cd\u03bd \u03bd\u03b1 \u03b5\u03be\u03b5\u03c1\u03b5\u03c5\u03bd\u03ae\u03c3\u03bf\u03c5\u03bd \u03c4\u03bf \u03bc\u03b5\u03bd\u03bf\u03cd \u03c3\u03b1\u03c2 \u03b1\u03c0\u03b5\u03c5\u03b8\u03b5\u03af\u03b1\u03c2 \u03c3\u03c4\u03b7\u03bd \u03bf\u03b8\u03cc\u03bd\u03b7 \u03c4\u03bf\u03c5\u03c2. \u03a4\u03bf \u03bc\u03b5\u03bd\u03bf\u03cd \u03c3\u03b1\u03c2, \u03c0\u03bf\u03c5 [&hellip;]","og_url":"https:\/\/empneo.gr\/de\/digital-menu\/","og_site_name":"Empneo \u2013 Digital Marketing &amp; Web Design Experts","article_modified_time":"2024-06-11T10:09:43+00:00","twitter_card":"summary_large_image","schema":{"@context":"https:\/\/schema.org","@graph":[{"@type":"WebPage","@id":"https:\/\/empneo.gr\/digital-menu\/","url":"https:\/\/empneo.gr\/digital-menu\/","name":"Digital Menu - Empneo \u2013 Digital Marketing &amp; Web Design Experts","isPartOf":{"@id":"https:\/\/empneo.gr\/#website"},"datePublished":"2024-06-11T10:01:48+00:00","dateModified":"2024-06-11T10:09:43+00:00","breadcrumb":{"@id":"https:\/\/empneo.gr\/digital-menu\/#breadcrumb"},"inLanguage":"de","potentialAction":[{"@type":"ReadAction","target":["https:\/\/empneo.gr\/digital-menu\/"]}]},{"@type":"BreadcrumbList","@id":"https:\/\/empneo.gr\/digital-menu\/#breadcrumb","itemListElement":[{"@type":"ListItem","position":1,"name":"Home","item":"https:\/\/empneo.gr\/"},{"@type":"ListItem","position":2,"name":"Digital Menu"}]},{"@type":"WebSite","@id":"https:\/\/empneo.gr\/#website","url":"https:\/\/empneo.gr\/","name":"Empneo \u2013 Digital Marketing &amp; Web Design Experts","description":"Digital Marketing, \u0399\u03c3\u03c4\u03bf\u03c3\u03b5\u03bb\u03af\u03b4\u03b5\u03c2, SEO, \u03c6\u03c9\u03c4\u03bf\u03b3\u03c1\u03ac\u03c6\u03b9\u03c3\u03b7, video, \u03b3\u03c1\u03b1\u03c6\u03b9\u03c3\u03c4\u03b9\u03ba\u03ac &amp; digital \u03ba\u03ac\u03c1\u03c4\u03b5\u03c2. 24+ \u03c7\u03c1\u03cc\u03bd\u03b9\u03b1 \u03b5\u03bc\u03c0\u03b5\u03b9\u03c1\u03af\u03b1\u03c2 \u03b3\u03b9\u03b1 \u03c4\u03b7\u03bd online \u03b5\u03c0\u03b9\u03c4\u03c5\u03c7\u03af\u03b1 \u03c3\u03b1\u03c2.","potentialAction":[{"@type":"SearchAction","target":{"@type":"EntryPoint","urlTemplate":"https:\/\/empneo.gr\/?s={search_term_string}"},"query-input":{"@type":"PropertyValueSpecification","valueRequired":true,"valueName":"search_term_string"}}],"inLanguage":"de"}]}},"_links":{"self":[{"href":"https:\/\/empneo.gr\/de\/wp-json\/wp\/v2\/pages\/580","targetHints":{"allow":["GET"]}}],"collection":[{"href":"https:\/\/empneo.gr\/de\/wp-json\/wp\/v2\/pages"}],"about":[{"href":"https:\/\/empneo.gr\/de\/wp-json\/wp\/v2\/types\/page"}],"author":[{"embeddable":true,"href":"https:\/\/empneo.gr\/de\/wp-json\/wp\/v2\/users\/1"}],"replies":[{"embeddable":true,"href":"https:\/\/empneo.gr\/de\/wp-json\/wp\/v2\/comments?post=580"}],"version-history":[{"count":3,"href":"https:\/\/empneo.gr\/de\/wp-json\/wp\/v2\/pages\/580\/revisions"}],"predecessor-version":[{"id":584,"href":"https:\/\/empneo.gr\/de\/wp-json\/wp\/v2\/pages\/580\/revisions\/584"}],"wp:attachment":[{"href":"https:\/\/empneo.gr\/de\/wp-json\/wp\/v2\/media?parent=580"}],"curies":[{"name":"wp","href":"https:\/\/api.w.org\/{rel}","templated":true}]}}